{"id":91,"date":"2025-09-30T14:46:11","date_gmt":"2025-09-30T12:46:11","guid":{"rendered":"https:\/\/axanthus.com\/?page_id=91"},"modified":"2025-10-31T12:13:20","modified_gmt":"2025-10-31T11:13:20","slug":"kontakt","status":"publish","type":"page","link":"https:\/\/axanthus.com\/index.php\/kontakt\/","title":{"rendered":"Kontakt"},"content":{"rendered":"\n<p class=\"has-primary-color has-text-color has-link-color has-body-font-family wp-elements-504f04e1ec5691216f72d5ffc6bc4a72\" style=\"margin-top:var(--wp--preset--spacing--20);font-size:clamp(14px, 0.875rem + ((1vw - 3.2px) * 0.488), 18px);font-style:normal;font-weight:600\">Sprawy og\u00f3lne, biuro w Toruniu<\/p>\n\n\n\n<p><\/p>\n\n\n\n<div class=\"wp-block-group has-contrast-color has-text-color has-link-color wp-elements-a9b26b344ea092c9314e152effbdc8e1 is-nowrap is-layout-flex wp-container-core-group-is-layout-672bbef7 wp-block-group-is-layout-flex\" style=\"margin-top:0;margin-bottom:0\">\n<figure class=\"wp-block-image size-full is-resized wp-duotone-duotone-1\"><img decoding=\"async\" src=\"https:\/\/axanthus.com\/wp-content\/themes\/sharkpulse-premium\/assets\/images\/location.png\" alt=\"\" class=\"wp-image-926\" style=\"width:20px\"\/><\/figure>\n\n\n\n<p class=\"has-medium-font-size\">Bema 38B\/13, Toru\u0144<\/p>\n<\/div>\n\n\n\n<div class=\"wp-block-group has-contrast-color has-text-color has-link-color wp-elements-8296d7ebd4a4a50d7700d1f0420769f0 is-nowrap is-layout-flex wp-container-core-group-is-layout-17c695da wp-block-group-is-layout-flex\">\n<figure class=\"wp-block-image size-full is-resized wp-duotone-duotone-1\"><img decoding=\"async\" src=\"https:\/\/axanthus.com\/wp-content\/themes\/sharkpulse-premium\/assets\/images\/envelope.png\" alt=\"\" class=\"wp-image-928\" style=\"object-fit:cover;width:20px;height:20px\"\/><\/figure>\n\n\n\n<p class=\"has-contrast-color has-text-color has-link-color has-medium-font-size wp-elements-2132d839866b1f471e2c46c4d42b6de2\">box @ axanthus.com<\/p>\n<\/div>\n\n\n\n<div class=\"wp-block-group is-nowrap is-layout-flex wp-container-core-group-is-layout-17c695da wp-block-group-is-layout-flex\">\n<figure class=\"wp-block-image size-full is-resized wp-duotone-duotone-1\"><img decoding=\"async\" src=\"https:\/\/axanthus.com\/wp-content\/themes\/sharkpulse-premium\/assets\/images\/phone.png\" alt=\"\" class=\"wp-image-927\" style=\"object-fit:cover;width:20px;height:20px\"\/><\/figure>\n\n\n\n<p class=\"has-contrast-color has-text-color has-link-color has-medium-font-size wp-elements-14bb50e6f1fd914eec40be2d56a9b35f\">+48 502 999 914<\/p>\n<\/div>\n\n\n\n<div class=\"wp-block-group is-nowrap is-layout-flex wp-container-core-group-is-layout-6c531013 wp-block-group-is-layout-flex\">\n<figure class=\"wp-block-image size-full is-resized wp-duotone-duotone-1\"><img loading=\"lazy\" decoding=\"async\" width=\"1024\" height=\"1024\" src=\"https:\/\/axanthus.com\/wp-content\/uploads\/2025\/10\/ChatGPT-Image-18-paz-2025-14_46_57.png\" alt=\"\" class=\"wp-image-161\" style=\"width:29px;height:auto\" srcset=\"https:\/\/axanthus.com\/wp-content\/uploads\/2025\/10\/ChatGPT-Image-18-paz-2025-14_46_57.png 1024w, https:\/\/axanthus.com\/wp-content\/uploads\/2025\/10\/ChatGPT-Image-18-paz-2025-14_46_57-300x300.png 300w, https:\/\/axanthus.com\/wp-content\/uploads\/2025\/10\/ChatGPT-Image-18-paz-2025-14_46_57-150x150.png 150w, https:\/\/axanthus.com\/wp-content\/uploads\/2025\/10\/ChatGPT-Image-18-paz-2025-14_46_57-768x768.png 768w\" sizes=\"auto, (max-width: 1024px) 100vw, 1024px\" \/><\/figure>\n\n\n\n<p><a href=\"https:\/\/axanthus.com\/wp-content\/uploads\/pgp\/AxanthusOfficeRsa0x6D47F3BE.asc\" data-type=\"link\" data-id=\"https:\/\/axanthus.com\/wp-content\/uploads\/pgp\/AxanthusOfficeRsa0x6D47F3BE.asc\">Id klucza PGP RSA: 6D47F3BE&nbsp;<\/a><\/p>\n<\/div>\n\n\n\n<div class=\"wp-block-group is-nowrap is-layout-flex wp-container-core-group-is-layout-6c531013 wp-block-group-is-layout-flex\">\n<figure class=\"wp-block-image size-full is-resized wp-duotone-duotone-1\"><img loading=\"lazy\" decoding=\"async\" width=\"1024\" height=\"1024\" src=\"https:\/\/axanthus.com\/wp-content\/uploads\/2025\/10\/ChatGPT-Image-18-paz-2025-14_46_57.png\" alt=\"\" class=\"wp-image-161\" style=\"width:29px;height:auto\" srcset=\"https:\/\/axanthus.com\/wp-content\/uploads\/2025\/10\/ChatGPT-Image-18-paz-2025-14_46_57.png 1024w, https:\/\/axanthus.com\/wp-content\/uploads\/2025\/10\/ChatGPT-Image-18-paz-2025-14_46_57-300x300.png 300w, https:\/\/axanthus.com\/wp-content\/uploads\/2025\/10\/ChatGPT-Image-18-paz-2025-14_46_57-150x150.png 150w, https:\/\/axanthus.com\/wp-content\/uploads\/2025\/10\/ChatGPT-Image-18-paz-2025-14_46_57-768x768.png 768w\" sizes=\"auto, (max-width: 1024px) 100vw, 1024px\" \/><\/figure>\n\n\n\n<p><a href=\"https:\/\/axanthus.com\/wp-content\/uploads\/pgp\/AxanthusOfficeEdDsa0x551B704A.asc\" data-type=\"link\" data-id=\"https:\/\/axanthus.com\/wp-content\/uploads\/pgp\/AxanthusOfficeEdDsa0x551B704A.asc\">Id klucza PGP EdDSA: 551B704A<\/a><\/p>\n<\/div>\n\n\n\n<p class=\"has-primary-color has-text-color has-link-color has-body-font-family wp-elements-29098c87d709036035c8ee2cc8a19379\" style=\"margin-top:var(--wp--preset--spacing--20);font-size:clamp(14px, 0.875rem + ((1vw - 3.2px) * 0.488), 18px);font-style:normal;font-weight:600\">Systemy informatyczne, bezpiecze\u0144stwo IT, audyty, szkolenia<\/p>\n\n\n\n<p class=\"has-medium-font-size\">Przemys\u0142aw Przyby\u0142<\/p>\n\n\n\n<div class=\"wp-block-group has-contrast-color has-text-color has-link-color wp-elements-2fa628379a7d4221d1960a6fe86df250 is-nowrap is-layout-flex wp-container-core-group-is-layout-17c695da wp-block-group-is-layout-flex\">\n<figure class=\"wp-block-image size-full is-resized wp-duotone-duotone-1\"><img decoding=\"async\" src=\"https:\/\/axanthus.com\/wp-content\/themes\/sharkpulse-premium\/assets\/images\/envelope.png\" alt=\"\" class=\"wp-image-928\" style=\"object-fit:cover;width:20px;height:auto\"\/><\/figure>\n\n\n\n<p class=\"has-contrast-color has-text-color has-link-color has-medium-font-size wp-elements-728487cdd7c614f88ba20cb2b220b458\">przemyslaw.przybyl @ axanthus.com<\/p>\n<\/div>\n\n\n\n<div class=\"wp-block-group is-nowrap is-layout-flex wp-container-core-group-is-layout-17c695da wp-block-group-is-layout-flex\">\n<figure class=\"wp-block-image size-full is-resized wp-duotone-duotone-1\"><img decoding=\"async\" src=\"https:\/\/axanthus.com\/wp-content\/themes\/sharkpulse-premium\/assets\/images\/phone.png\" alt=\"\" class=\"wp-image-927\" style=\"object-fit:cover;width:20px;height:20px\"\/><\/figure>\n\n\n\n<p class=\"has-contrast-color has-text-color has-link-color has-medium-font-size wp-elements-05d199d8bfbc52fd52738e9552dc7a45\">+48 502 999 408   <\/p>\n<\/div>\n\n\n\n<div class=\"wp-block-columns is-layout-flex wp-container-core-columns-is-layout-28f84493 wp-block-columns-is-layout-flex\">\n<div class=\"wp-block-column is-layout-flow wp-block-column-is-layout-flow\" style=\"flex-basis:100%\">\n<div class=\"wp-block-group is-nowrap is-layout-flex wp-container-core-group-is-layout-6c531013 wp-block-group-is-layout-flex\">\n<figure class=\"wp-block-image size-full is-resized wp-duotone-duotone-1\"><img loading=\"lazy\" decoding=\"async\" width=\"1024\" height=\"1024\" src=\"https:\/\/axanthus.com\/wp-content\/uploads\/2025\/10\/ChatGPT-Image-18-paz-2025-14_46_57.png\" alt=\"\" class=\"wp-image-161\" style=\"width:29px;height:auto\" srcset=\"https:\/\/axanthus.com\/wp-content\/uploads\/2025\/10\/ChatGPT-Image-18-paz-2025-14_46_57.png 1024w, https:\/\/axanthus.com\/wp-content\/uploads\/2025\/10\/ChatGPT-Image-18-paz-2025-14_46_57-300x300.png 300w, https:\/\/axanthus.com\/wp-content\/uploads\/2025\/10\/ChatGPT-Image-18-paz-2025-14_46_57-150x150.png 150w, https:\/\/axanthus.com\/wp-content\/uploads\/2025\/10\/ChatGPT-Image-18-paz-2025-14_46_57-768x768.png 768w\" sizes=\"auto, (max-width: 1024px) 100vw, 1024px\" \/><\/figure>\n\n\n\n<p><a href=\"https:\/\/axanthus.com\/wp-content\/uploads\/pgp\/PrzemyslawPrzybylRsa0x1D84C427.asc\" data-type=\"link\" data-id=\"https:\/\/axanthus.com\/wp-content\/uploads\/pgp\/PrzemyslawPrzybylRsa0x1D84C427.asc\">Id klucza PGP RSA: 1D84C427&nbsp;<\/a><\/p>\n<\/div>\n\n\n\n<div class=\"wp-block-group is-nowrap is-layout-flex wp-container-core-group-is-layout-6c531013 wp-block-group-is-layout-flex\">\n<figure class=\"wp-block-image size-full is-resized wp-duotone-duotone-1\"><img loading=\"lazy\" decoding=\"async\" width=\"1024\" height=\"1024\" src=\"https:\/\/axanthus.com\/wp-content\/uploads\/2025\/10\/ChatGPT-Image-18-paz-2025-14_46_57.png\" alt=\"\" class=\"wp-image-161\" style=\"width:29px;height:auto\" srcset=\"https:\/\/axanthus.com\/wp-content\/uploads\/2025\/10\/ChatGPT-Image-18-paz-2025-14_46_57.png 1024w, https:\/\/axanthus.com\/wp-content\/uploads\/2025\/10\/ChatGPT-Image-18-paz-2025-14_46_57-300x300.png 300w, https:\/\/axanthus.com\/wp-content\/uploads\/2025\/10\/ChatGPT-Image-18-paz-2025-14_46_57-150x150.png 150w, https:\/\/axanthus.com\/wp-content\/uploads\/2025\/10\/ChatGPT-Image-18-paz-2025-14_46_57-768x768.png 768w\" sizes=\"auto, (max-width: 1024px) 100vw, 1024px\" \/><\/figure>\n\n\n\n<p><a href=\"https:\/\/axanthus.com\/wp-content\/uploads\/pgp\/PrzemyslawPrzybylEdDsa0x46111E1B.asc\" data-type=\"link\" data-id=\"https:\/\/axanthus.com\/wp-content\/uploads\/pgp\/PrzemyslawPrzybylEdDsa0x46111E1B.asc\">Id klucza PGP EdDSA: 46111E1B<\/a><\/p>\n<\/div>\n<\/div>\n<\/div>\n\n\n\n<p class=\"has-primary-color has-text-color has-link-color has-body-font-family wp-elements-63413bc85e4e08353b48341f0189a22c\" style=\"margin-top:var(--wp--preset--spacing--20);font-size:clamp(14px, 0.875rem + ((1vw - 3.2px) * 0.488), 18px);font-style:normal;font-weight:600\">Systemy embedded, bezpiecze\u0144stwo IoT, reverse engineering<\/p>\n\n\n\n<p class=\"has-medium-font-size\">Pawe\u0142 Przyby\u0142<\/p>\n\n\n\n<div class=\"wp-block-group has-contrast-color has-text-color has-link-color wp-elements-76dcd3fd2b526ab2a73a69ae415259c6 is-nowrap is-layout-flex wp-container-core-group-is-layout-17c695da wp-block-group-is-layout-flex\">\n<figure class=\"wp-block-image size-full is-resized wp-duotone-duotone-1\"><img decoding=\"async\" src=\"https:\/\/axanthus.com\/wp-content\/themes\/sharkpulse-premium\/assets\/images\/envelope.png\" alt=\"\" class=\"wp-image-928\" style=\"object-fit:cover;width:20px;height:20px\"\/><\/figure>\n\n\n\n<p class=\"has-contrast-color has-text-color has-link-color has-medium-font-size wp-elements-008614759da10b9e8b5f34e7054ce5e0\">pawel.przybyl @ axanthus.com<\/p>\n<\/div>\n\n\n\n<div class=\"wp-block-group is-nowrap is-layout-flex wp-container-core-group-is-layout-17c695da wp-block-group-is-layout-flex\">\n<figure class=\"wp-block-image size-full is-resized wp-duotone-duotone-1\"><img decoding=\"async\" src=\"https:\/\/axanthus.com\/wp-content\/themes\/sharkpulse-premium\/assets\/images\/phone.png\" alt=\"\" class=\"wp-image-927\" style=\"object-fit:cover;width:20px;height:20px\"\/><\/figure>\n\n\n\n<p class=\"has-contrast-color has-text-color has-link-color has-medium-font-size wp-elements-440c354f47563b6a379d82eb601df0f8\">+48 502 999 608<\/p>\n<\/div>\n\n\n\n<div class=\"wp-block-group is-nowrap is-layout-flex wp-container-core-group-is-layout-6c531013 wp-block-group-is-layout-flex\">\n<figure class=\"wp-block-image size-full is-resized wp-duotone-duotone-1\"><img loading=\"lazy\" decoding=\"async\" width=\"1024\" height=\"1024\" src=\"https:\/\/axanthus.com\/wp-content\/uploads\/2025\/10\/ChatGPT-Image-18-paz-2025-14_46_57.png\" alt=\"\" class=\"wp-image-161\" style=\"width:29px;height:auto\" srcset=\"https:\/\/axanthus.com\/wp-content\/uploads\/2025\/10\/ChatGPT-Image-18-paz-2025-14_46_57.png 1024w, https:\/\/axanthus.com\/wp-content\/uploads\/2025\/10\/ChatGPT-Image-18-paz-2025-14_46_57-300x300.png 300w, https:\/\/axanthus.com\/wp-content\/uploads\/2025\/10\/ChatGPT-Image-18-paz-2025-14_46_57-150x150.png 150w, https:\/\/axanthus.com\/wp-content\/uploads\/2025\/10\/ChatGPT-Image-18-paz-2025-14_46_57-768x768.png 768w\" sizes=\"auto, (max-width: 1024px) 100vw, 1024px\" \/><\/figure>\n\n\n\n<p><a href=\"https:\/\/axanthus.com\/wp-content\/uploads\/pgp\/PawelPrzybylRsa0xDF205B03.asc\" data-type=\"link\" data-id=\"https:\/\/axanthus.com\/wp-content\/uploads\/pgp\/PawelPrzybylRsa0xDF205B03.asc\">Id klucza PGP RSA: DF205B03<\/a><\/p>\n<\/div>\n\n\n\n<div class=\"wp-block-group is-nowrap is-layout-flex wp-container-core-group-is-layout-6c531013 wp-block-group-is-layout-flex\">\n<figure class=\"wp-block-image size-full is-resized wp-duotone-duotone-1\"><img loading=\"lazy\" decoding=\"async\" width=\"1024\" height=\"1024\" src=\"https:\/\/axanthus.com\/wp-content\/uploads\/2025\/10\/ChatGPT-Image-18-paz-2025-14_46_57.png\" alt=\"\" class=\"wp-image-161\" style=\"width:29px;height:auto\" srcset=\"https:\/\/axanthus.com\/wp-content\/uploads\/2025\/10\/ChatGPT-Image-18-paz-2025-14_46_57.png 1024w, https:\/\/axanthus.com\/wp-content\/uploads\/2025\/10\/ChatGPT-Image-18-paz-2025-14_46_57-300x300.png 300w, https:\/\/axanthus.com\/wp-content\/uploads\/2025\/10\/ChatGPT-Image-18-paz-2025-14_46_57-150x150.png 150w, https:\/\/axanthus.com\/wp-content\/uploads\/2025\/10\/ChatGPT-Image-18-paz-2025-14_46_57-768x768.png 768w\" sizes=\"auto, (max-width: 1024px) 100vw, 1024px\" \/><\/figure>\n\n\n\n<p><a href=\"https:\/\/axanthus.com\/wp-content\/uploads\/pgp\/PawelPrzybylEdDsa0x3EC5445A.asc\" data-type=\"link\" data-id=\"https:\/\/axanthus.com\/wp-content\/uploads\/pgp\/PawelPrzybylEdDsa0x3EC5445A.asc\">Id klucza PGP EdDSA: 3EC5445A<\/a><\/p>\n<\/div>\n","protected":false},"excerpt":{"rendered":"<p>Sprawy og\u00f3lne, biuro w Toruniu Bema 38B\/13, Toru\u0144 box @ axanthus.com +48 502 999 914 Id klucza PGP RSA: 6D47F3BE&nbsp; Id klucza PGP EdDSA: 551B704A Systemy informatyczne, bezpiecze\u0144stwo IT, audyty, szkolenia Przemys\u0142aw Przyby\u0142 przemyslaw.przybyl @ axanthus.com +48 502 999 408 Id klucza PGP RSA: 1D84C427&nbsp; Id klucza PGP EdDSA: 46111E1B Systemy embedded, bezpiecze\u0144stwo IoT, reverse [&hellip;]<\/p>\n","protected":false},"author":1,"featured_media":0,"parent":0,"menu_order":0,"comment_status":"closed","ping_status":"closed","template":"","meta":{"footnotes":""},"class_list":["post-91","page","type-page","status-publish","hentry"],"_links":{"self":[{"href":"https:\/\/axanthus.com\/index.php\/wp-json\/wp\/v2\/pages\/91","targetHints":{"allow":["GET"]}}],"collection":[{"href":"https:\/\/axanthus.com\/index.php\/wp-json\/wp\/v2\/pages"}],"about":[{"href":"https:\/\/axanthus.com\/index.php\/wp-json\/wp\/v2\/types\/page"}],"author":[{"embeddable":true,"href":"https:\/\/axanthus.com\/index.php\/wp-json\/wp\/v2\/users\/1"}],"replies":[{"embeddable":true,"href":"https:\/\/axanthus.com\/index.php\/wp-json\/wp\/v2\/comments?post=91"}],"version-history":[{"count":53,"href":"https:\/\/axanthus.com\/index.php\/wp-json\/wp\/v2\/pages\/91\/revisions"}],"predecessor-version":[{"id":379,"href":"https:\/\/axanthus.com\/index.php\/wp-json\/wp\/v2\/pages\/91\/revisions\/379"}],"wp:attachment":[{"href":"https:\/\/axanthus.com\/index.php\/wp-json\/wp\/v2\/media?parent=91"}],"curies":[{"name":"wp","href":"https:\/\/api.w.org\/{rel}","templated":true}]}}