{"id":57,"date":"2025-09-30T13:14:57","date_gmt":"2025-09-30T11:14:57","guid":{"rendered":"https:\/\/axanthus.com\/?page_id=57"},"modified":"2025-10-19T15:07:12","modified_gmt":"2025-10-19T13:07:12","slug":"nasz-zespol","status":"publish","type":"page","link":"https:\/\/axanthus.com\/index.php\/nasz-zespol\/","title":{"rendered":"Nasz Zesp\u00f3\u0142"},"content":{"rendered":"\n<main class=\"wp-block-group has-global-padding is-layout-constrained wp-container-core-group-is-layout-f6acdfd4 wp-block-group-is-layout-constrained\" style=\"margin-top:0;margin-bottom:0;padding-top:0;padding-right:20px;padding-bottom:0;padding-left:20px\">\n<div class=\"wp-block-columns is-layout-flex wp-container-core-columns-is-layout-28f84493 wp-block-columns-is-layout-flex\">\n<div class=\"wp-block-column column-has-radius is-layout-flow wp-block-column-is-layout-flow\" style=\"padding-top:var(--wp--preset--spacing--20);padding-right:var(--wp--preset--spacing--20);padding-bottom:var(--wp--preset--spacing--20);padding-left:var(--wp--preset--spacing--20)\">\n<figure class=\"wp-block-image aligncenter size-full is-resized has-custom-border is-style-rounded is-style-rounded--1\"><img loading=\"lazy\" decoding=\"async\" width=\"800\" height=\"800\" src=\"https:\/\/axanthus.com\/wp-content\/uploads\/2025\/09\/1746793500937.jpg\" alt=\"\" class=\"wp-image-58\" style=\"border-top-left-radius:200px;border-top-right-radius:200px;border-bottom-left-radius:200px;border-bottom-right-radius:200px;width:354px\" srcset=\"https:\/\/axanthus.com\/wp-content\/uploads\/2025\/09\/1746793500937.jpg 800w, https:\/\/axanthus.com\/wp-content\/uploads\/2025\/09\/1746793500937-300x300.jpg 300w, https:\/\/axanthus.com\/wp-content\/uploads\/2025\/09\/1746793500937-150x150.jpg 150w, https:\/\/axanthus.com\/wp-content\/uploads\/2025\/09\/1746793500937-768x768.jpg 768w\" sizes=\"auto, (max-width: 800px) 100vw, 800px\" \/><\/figure>\n\n\n\n<p class=\"has-text-align-center has-base-2-color has-text-color has-link-color wp-elements-474a0f918e83e2b73fe0adcbf2f6f2ac\" style=\"margin-top:var(--wp--preset--spacing--20);margin-bottom:0;font-size:clamp(14px, 0.875rem + ((1vw - 3.2px) * 0.488), 18px);font-style:normal;font-weight:600\"><strong>Przemys\u0142aw Przyby\u0142<\/strong><\/p>\n\n\n\n<p class=\"has-text-align-center has-small-font-size\" style=\"margin-top:10px;margin-right:0;margin-bottom:var(--wp--preset--spacing--10);margin-left:0\">Architekt, specjalista ds. bezpiecze\u0144stwa IT w Axanthus<\/p>\n\n\n\n<ul class=\"wp-block-social-links aligncenter has-icon-color has-icon-background-color is-layout-flex wp-container-core-social-links-is-layout-75fef118 wp-block-social-links-is-layout-flex\"><li style=\"color:#DEF573;background-color:#111111;\" class=\"wp-social-link wp-social-link-instagram has-primary-color has-base-background-color wp-block-social-link\"><a href=\"https:\/\/www.instagram.com\/boyfromthetrainstation\/\" class=\"wp-block-social-link-anchor\"><svg width=\"24\" height=\"24\" viewBox=\"0 0 24 24\" version=\"1.1\" xmlns=\"http:\/\/www.w3.org\/2000\/svg\" aria-hidden=\"true\" focusable=\"false\"><path d=\"M12,4.622c2.403,0,2.688,0.009,3.637,0.052c0.877,0.04,1.354,0.187,1.671,0.31c0.42,0.163,0.72,0.358,1.035,0.673 c0.315,0.315,0.51,0.615,0.673,1.035c0.123,0.317,0.27,0.794,0.31,1.671c0.043,0.949,0.052,1.234,0.052,3.637 s-0.009,2.688-0.052,3.637c-0.04,0.877-0.187,1.354-0.31,1.671c-0.163,0.42-0.358,0.72-0.673,1.035 c-0.315,0.315-0.615,0.51-1.035,0.673c-0.317,0.123-0.794,0.27-1.671,0.31c-0.949,0.043-1.233,0.052-3.637,0.052 s-2.688-0.009-3.637-0.052c-0.877-0.04-1.354-0.187-1.671-0.31c-0.42-0.163-0.72-0.358-1.035-0.673 c-0.315-0.315-0.51-0.615-0.673-1.035c-0.123-0.317-0.27-0.794-0.31-1.671C4.631,14.688,4.622,14.403,4.622,12 s0.009-2.688,0.052-3.637c0.04-0.877,0.187-1.354,0.31-1.671c0.163-0.42,0.358-0.72,0.673-1.035 c0.315-0.315,0.615-0.51,1.035-0.673c0.317-0.123,0.794-0.27,1.671-0.31C9.312,4.631,9.597,4.622,12,4.622 M12,3 C9.556,3,9.249,3.01,8.289,3.054C7.331,3.098,6.677,3.25,6.105,3.472C5.513,3.702,5.011,4.01,4.511,4.511 c-0.5,0.5-0.808,1.002-1.038,1.594C3.25,6.677,3.098,7.331,3.054,8.289C3.01,9.249,3,9.556,3,12c0,2.444,0.01,2.751,0.054,3.711 c0.044,0.958,0.196,1.612,0.418,2.185c0.23,0.592,0.538,1.094,1.038,1.594c0.5,0.5,1.002,0.808,1.594,1.038 c0.572,0.222,1.227,0.375,2.185,0.418C9.249,20.99,9.556,21,12,21s2.751-0.01,3.711-0.054c0.958-0.044,1.612-0.196,2.185-0.418 c0.592-0.23,1.094-0.538,1.594-1.038c0.5-0.5,0.808-1.002,1.038-1.594c0.222-0.572,0.375-1.227,0.418-2.185 C20.99,14.751,21,14.444,21,12s-0.01-2.751-0.054-3.711c-0.044-0.958-0.196-1.612-0.418-2.185c-0.23-0.592-0.538-1.094-1.038-1.594 c-0.5-0.5-1.002-0.808-1.594-1.038c-0.572-0.222-1.227-0.375-2.185-0.418C14.751,3.01,14.444,3,12,3L12,3z M12,7.378 c-2.552,0-4.622,2.069-4.622,4.622S9.448,16.622,12,16.622s4.622-2.069,4.622-4.622S14.552,7.378,12,7.378z M12,15 c-1.657,0-3-1.343-3-3s1.343-3,3-3s3,1.343,3,3S13.657,15,12,15z M16.804,6.116c-0.596,0-1.08,0.484-1.08,1.08 s0.484,1.08,1.08,1.08c0.596,0,1.08-0.484,1.08-1.08S17.401,6.116,16.804,6.116z\"><\/path><\/svg><span class=\"wp-block-social-link-label screen-reader-text\">Instagram<\/span><\/a><\/li>\n\n<li style=\"color:#DEF573;background-color:#111111;\" class=\"wp-social-link wp-social-link-facebook has-primary-color has-base-background-color wp-block-social-link\"><a href=\"https:\/\/www.facebook.com\/people\/Przemys%C5%82aw-Przyby%C5%82\/pfbid0L6A3vXVtvpJhPr34S1mgHDesNLLunGet9rmxANSMzqWe9hS3RgH8xqnxHxwQWK4El\/\" class=\"wp-block-social-link-anchor\"><svg width=\"24\" height=\"24\" viewBox=\"0 0 24 24\" version=\"1.1\" xmlns=\"http:\/\/www.w3.org\/2000\/svg\" aria-hidden=\"true\" focusable=\"false\"><path d=\"M12 2C6.5 2 2 6.5 2 12c0 5 3.7 9.1 8.4 9.9v-7H7.9V12h2.5V9.8c0-2.5 1.5-3.9 3.8-3.9 1.1 0 2.2.2 2.2.2v2.5h-1.3c-1.2 0-1.6.8-1.6 1.6V12h2.8l-.4 2.9h-2.3v7C18.3 21.1 22 17 22 12c0-5.5-4.5-10-10-10z\"><\/path><\/svg><span class=\"wp-block-social-link-label screen-reader-text\">Facebook<\/span><\/a><\/li>\n\n<li style=\"color:#DEF573;background-color:#111111;\" class=\"wp-social-link wp-social-link-linkedin has-primary-color has-base-background-color wp-block-social-link\"><a href=\"https:\/\/www.linkedin.com\/in\/przemys%C5%82aw-przyby%C5%82-3aa602105\/?originalSubdomain=pl\" class=\"wp-block-social-link-anchor\"><svg width=\"24\" height=\"24\" viewBox=\"0 0 24 24\" version=\"1.1\" xmlns=\"http:\/\/www.w3.org\/2000\/svg\" aria-hidden=\"true\" focusable=\"false\"><path d=\"M19.7,3H4.3C3.582,3,3,3.582,3,4.3v15.4C3,20.418,3.582,21,4.3,21h15.4c0.718,0,1.3-0.582,1.3-1.3V4.3 C21,3.582,20.418,3,19.7,3z M8.339,18.338H5.667v-8.59h2.672V18.338z M7.004,8.574c-0.857,0-1.549-0.694-1.549-1.548 c0-0.855,0.691-1.548,1.549-1.548c0.854,0,1.547,0.694,1.547,1.548C8.551,7.881,7.858,8.574,7.004,8.574z M18.339,18.338h-2.669 v-4.177c0-0.996-0.017-2.278-1.387-2.278c-1.389,0-1.601,1.086-1.601,2.206v4.249h-2.667v-8.59h2.559v1.174h0.037 c0.356-0.675,1.227-1.387,2.526-1.387c2.703,0,3.203,1.779,3.203,4.092V18.338z\"><\/path><\/svg><span class=\"wp-block-social-link-label screen-reader-text\">LinkedIn<\/span><\/a><\/li>\n\n<li style=\"color:#DEF573;background-color:#111111;\" class=\"wp-social-link wp-social-link-x has-primary-color has-base-background-color wp-block-social-link\"><a href=\"#\" class=\"wp-block-social-link-anchor\"><svg width=\"24\" height=\"24\" viewBox=\"0 0 24 24\" version=\"1.1\" xmlns=\"http:\/\/www.w3.org\/2000\/svg\" aria-hidden=\"true\" focusable=\"false\"><path d=\"M13.982 10.622 20.54 3h-1.554l-5.693 6.618L8.745 3H3.5l6.876 10.007L3.5 21h1.554l6.012-6.989L15.868 21h5.245l-7.131-10.378Zm-2.128 2.474-.697-.997-5.543-7.93H8l4.474 6.4.697.996 5.815 8.318h-2.387l-4.745-6.787Z\" \/><\/svg><span class=\"wp-block-social-link-label screen-reader-text\">X<\/span><\/a><\/li><\/ul>\n<\/div>\n\n\n\n<div class=\"wp-block-column column-has-radius is-layout-flow wp-block-column-is-layout-flow\" style=\"padding-top:var(--wp--preset--spacing--20);padding-right:var(--wp--preset--spacing--20);padding-bottom:var(--wp--preset--spacing--20);padding-left:var(--wp--preset--spacing--20)\">\n<figure class=\"wp-block-image aligncenter size-full is-resized has-custom-border is-style-rounded is-style-rounded--2\"><img loading=\"lazy\" decoding=\"async\" width=\"800\" height=\"800\" src=\"https:\/\/axanthus.com\/wp-content\/uploads\/2025\/09\/1757660540412.jpg\" alt=\"\" class=\"wp-image-59\" style=\"border-top-left-radius:200px;border-top-right-radius:200px;border-bottom-left-radius:200px;border-bottom-right-radius:200px;width:354px;height:auto\" srcset=\"https:\/\/axanthus.com\/wp-content\/uploads\/2025\/09\/1757660540412.jpg 800w, https:\/\/axanthus.com\/wp-content\/uploads\/2025\/09\/1757660540412-300x300.jpg 300w, https:\/\/axanthus.com\/wp-content\/uploads\/2025\/09\/1757660540412-150x150.jpg 150w, https:\/\/axanthus.com\/wp-content\/uploads\/2025\/09\/1757660540412-768x768.jpg 768w\" sizes=\"auto, (max-width: 800px) 100vw, 800px\" \/><\/figure>\n\n\n\n<p class=\"has-text-align-center has-base-2-color has-text-color has-link-color wp-elements-c4d79f4ac9f2aa9ecef7766e4b1f8565\" style=\"margin-top:var(--wp--preset--spacing--20);margin-bottom:0;font-size:clamp(14px, 0.875rem + ((1vw - 3.2px) * 0.488), 18px);font-style:normal;font-weight:600\"><strong>Pawe\u0142 Przyby\u0142<\/strong><\/p>\n\n\n\n<p class=\"has-text-align-center has-small-font-size\" style=\"margin-top:10px;margin-right:0;margin-bottom:var(--wp--preset--spacing--10);margin-left:0\">Architekt, specjalista ds. Embedded &amp; IoT w Axanthus<\/p>\n\n\n\n<ul class=\"wp-block-social-links aligncenter has-icon-color has-icon-background-color is-layout-flex wp-container-core-social-links-is-layout-75fef118 wp-block-social-links-is-layout-flex\"><li style=\"color:#DEF573;background-color:#111111;\" class=\"wp-social-link wp-social-link-instagram has-primary-color has-base-background-color wp-block-social-link\"><a href=\"https:\/\/www.instagram.com\/pawen345\/\" class=\"wp-block-social-link-anchor\"><svg width=\"24\" height=\"24\" viewBox=\"0 0 24 24\" version=\"1.1\" xmlns=\"http:\/\/www.w3.org\/2000\/svg\" aria-hidden=\"true\" focusable=\"false\"><path d=\"M12,4.622c2.403,0,2.688,0.009,3.637,0.052c0.877,0.04,1.354,0.187,1.671,0.31c0.42,0.163,0.72,0.358,1.035,0.673 c0.315,0.315,0.51,0.615,0.673,1.035c0.123,0.317,0.27,0.794,0.31,1.671c0.043,0.949,0.052,1.234,0.052,3.637 s-0.009,2.688-0.052,3.637c-0.04,0.877-0.187,1.354-0.31,1.671c-0.163,0.42-0.358,0.72-0.673,1.035 c-0.315,0.315-0.615,0.51-1.035,0.673c-0.317,0.123-0.794,0.27-1.671,0.31c-0.949,0.043-1.233,0.052-3.637,0.052 s-2.688-0.009-3.637-0.052c-0.877-0.04-1.354-0.187-1.671-0.31c-0.42-0.163-0.72-0.358-1.035-0.673 c-0.315-0.315-0.51-0.615-0.673-1.035c-0.123-0.317-0.27-0.794-0.31-1.671C4.631,14.688,4.622,14.403,4.622,12 s0.009-2.688,0.052-3.637c0.04-0.877,0.187-1.354,0.31-1.671c0.163-0.42,0.358-0.72,0.673-1.035 c0.315-0.315,0.615-0.51,1.035-0.673c0.317-0.123,0.794-0.27,1.671-0.31C9.312,4.631,9.597,4.622,12,4.622 M12,3 C9.556,3,9.249,3.01,8.289,3.054C7.331,3.098,6.677,3.25,6.105,3.472C5.513,3.702,5.011,4.01,4.511,4.511 c-0.5,0.5-0.808,1.002-1.038,1.594C3.25,6.677,3.098,7.331,3.054,8.289C3.01,9.249,3,9.556,3,12c0,2.444,0.01,2.751,0.054,3.711 c0.044,0.958,0.196,1.612,0.418,2.185c0.23,0.592,0.538,1.094,1.038,1.594c0.5,0.5,1.002,0.808,1.594,1.038 c0.572,0.222,1.227,0.375,2.185,0.418C9.249,20.99,9.556,21,12,21s2.751-0.01,3.711-0.054c0.958-0.044,1.612-0.196,2.185-0.418 c0.592-0.23,1.094-0.538,1.594-1.038c0.5-0.5,0.808-1.002,1.038-1.594c0.222-0.572,0.375-1.227,0.418-2.185 C20.99,14.751,21,14.444,21,12s-0.01-2.751-0.054-3.711c-0.044-0.958-0.196-1.612-0.418-2.185c-0.23-0.592-0.538-1.094-1.038-1.594 c-0.5-0.5-1.002-0.808-1.594-1.038c-0.572-0.222-1.227-0.375-2.185-0.418C14.751,3.01,14.444,3,12,3L12,3z M12,7.378 c-2.552,0-4.622,2.069-4.622,4.622S9.448,16.622,12,16.622s4.622-2.069,4.622-4.622S14.552,7.378,12,7.378z M12,15 c-1.657,0-3-1.343-3-3s1.343-3,3-3s3,1.343,3,3S13.657,15,12,15z M16.804,6.116c-0.596,0-1.08,0.484-1.08,1.08 s0.484,1.08,1.08,1.08c0.596,0,1.08-0.484,1.08-1.08S17.401,6.116,16.804,6.116z\"><\/path><\/svg><span class=\"wp-block-social-link-label screen-reader-text\">Instagram<\/span><\/a><\/li>\n\n<li style=\"color:#DEF573;background-color:#111111;\" class=\"wp-social-link wp-social-link-facebook has-primary-color has-base-background-color wp-block-social-link\"><a href=\"https:\/\/www.facebook.com\/people\/Pawe%C5%82-Przyby%C5%82\/pfbid02atYijWTQKg4GkFCDFry7EbW3h3BBKmNYCiBCfkiQSrf1BAyGiXpdYepwoKEsQ7dxl\/\" class=\"wp-block-social-link-anchor\"><svg width=\"24\" height=\"24\" viewBox=\"0 0 24 24\" version=\"1.1\" xmlns=\"http:\/\/www.w3.org\/2000\/svg\" aria-hidden=\"true\" focusable=\"false\"><path d=\"M12 2C6.5 2 2 6.5 2 12c0 5 3.7 9.1 8.4 9.9v-7H7.9V12h2.5V9.8c0-2.5 1.5-3.9 3.8-3.9 1.1 0 2.2.2 2.2.2v2.5h-1.3c-1.2 0-1.6.8-1.6 1.6V12h2.8l-.4 2.9h-2.3v7C18.3 21.1 22 17 22 12c0-5.5-4.5-10-10-10z\"><\/path><\/svg><span class=\"wp-block-social-link-label screen-reader-text\">Facebook<\/span><\/a><\/li>\n\n<li style=\"color:#DEF573;background-color:#111111;\" class=\"wp-social-link wp-social-link-linkedin has-primary-color has-base-background-color wp-block-social-link\"><a href=\"https:\/\/www.linkedin.com\/in\/pawe%C5%82-przyby%C5%82-b6b021382\/\" class=\"wp-block-social-link-anchor\"><svg width=\"24\" height=\"24\" viewBox=\"0 0 24 24\" version=\"1.1\" xmlns=\"http:\/\/www.w3.org\/2000\/svg\" aria-hidden=\"true\" focusable=\"false\"><path d=\"M19.7,3H4.3C3.582,3,3,3.582,3,4.3v15.4C3,20.418,3.582,21,4.3,21h15.4c0.718,0,1.3-0.582,1.3-1.3V4.3 C21,3.582,20.418,3,19.7,3z M8.339,18.338H5.667v-8.59h2.672V18.338z M7.004,8.574c-0.857,0-1.549-0.694-1.549-1.548 c0-0.855,0.691-1.548,1.549-1.548c0.854,0,1.547,0.694,1.547,1.548C8.551,7.881,7.858,8.574,7.004,8.574z M18.339,18.338h-2.669 v-4.177c0-0.996-0.017-2.278-1.387-2.278c-1.389,0-1.601,1.086-1.601,2.206v4.249h-2.667v-8.59h2.559v1.174h0.037 c0.356-0.675,1.227-1.387,2.526-1.387c2.703,0,3.203,1.779,3.203,4.092V18.338z\"><\/path><\/svg><span class=\"wp-block-social-link-label screen-reader-text\">LinkedIn<\/span><\/a><\/li>\n\n<li style=\"color:#DEF573;background-color:#111111;\" class=\"wp-social-link wp-social-link-x has-primary-color has-base-background-color wp-block-social-link\"><a href=\"https:\/\/x.com\/pawen345\" class=\"wp-block-social-link-anchor\"><svg width=\"24\" height=\"24\" viewBox=\"0 0 24 24\" version=\"1.1\" xmlns=\"http:\/\/www.w3.org\/2000\/svg\" aria-hidden=\"true\" focusable=\"false\"><path d=\"M13.982 10.622 20.54 3h-1.554l-5.693 6.618L8.745 3H3.5l6.876 10.007L3.5 21h1.554l6.012-6.989L15.868 21h5.245l-7.131-10.378Zm-2.128 2.474-.697-.997-5.543-7.93H8l4.474 6.4.697.996 5.815 8.318h-2.387l-4.745-6.787Z\" \/><\/svg><span class=\"wp-block-social-link-label screen-reader-text\">X<\/span><\/a><\/li><\/ul>\n<\/div>\n<\/div>\n<\/main>\n\n\n\n<div class=\"wp-block-group column-has-radius is-layout-flow wp-block-group-is-layout-flow\" style=\"padding-top:var(--wp--preset--spacing--20);padding-right:var(--wp--preset--spacing--20);padding-bottom:var(--wp--preset--spacing--20);padding-left:var(--wp--preset--spacing--20)\">\n<div class=\"wp-block-columns are-vertically-aligned-center is-layout-flex wp-container-core-columns-is-layout-28f84493 wp-block-columns-is-layout-flex\">\n<div class=\"wp-block-column is-vertically-aligned-center is-layout-flow wp-block-column-is-layout-flow\" style=\"padding-bottom:var(--wp--preset--spacing--10);flex-basis:60%\">\n<blockquote class=\"wp-block-quote has-text-align-left is-style-plain has-accent-5-color has-base-background-color has-text-color has-background has-link-color has-medium-font-size wp-elements-46c3fb30b9a8e08be8b4e846dd46a7b3 is-layout-flow wp-block-quote-is-layout-flow is-style-plain--3\">\n<p style=\"margin-top:0;margin-right:0;margin-bottom:0;margin-left:0;padding-top:0;padding-right:0;padding-bottom:0;padding-left:0\"><em>W naszej firmie stawiamy na jako\u015b\u0107 i bezpiecze\u0144stwo przede wszystkim. Nasze ambicje si\u0119gaj\u0105 gwiazd i b\u0119dziemy chcieli si\u0119 rozwija\u0107 w ka\u017cdym mo\u017cliwym aspekcie przez nast\u0119pne lata.<\/em><\/p>\n<\/blockquote>\n\n\n\n<div class=\"wp-block-group is-nowrap is-layout-flex wp-container-core-group-is-layout-6c531013 wp-block-group-is-layout-flex\">\n<figure class=\"wp-block-image size-full is-resized has-custom-border\"><img loading=\"lazy\" decoding=\"async\" width=\"800\" height=\"800\" src=\"https:\/\/axanthus.com\/wp-content\/uploads\/2025\/09\/1746793500937.jpg\" alt=\"\" class=\"wp-image-58\" style=\"border-radius:100%;object-fit:cover;width:80px;height:80px\" srcset=\"https:\/\/axanthus.com\/wp-content\/uploads\/2025\/09\/1746793500937.jpg 800w, https:\/\/axanthus.com\/wp-content\/uploads\/2025\/09\/1746793500937-300x300.jpg 300w, https:\/\/axanthus.com\/wp-content\/uploads\/2025\/09\/1746793500937-150x150.jpg 150w, https:\/\/axanthus.com\/wp-content\/uploads\/2025\/09\/1746793500937-768x768.jpg 768w\" sizes=\"auto, (max-width: 800px) 100vw, 800px\" \/><\/figure>\n\n\n\n<p class=\"has-medium-font-size\" style=\"font-style:normal;font-weight:300\"><strong>Przemys\u0142aw Przyby\u0142<br><\/strong>CO<\/p>\n<\/div>\n<\/div>\n\n\n\n<div class=\"wp-block-column is-vertically-aligned-center is-layout-flow wp-block-column-is-layout-flow\" style=\"padding-bottom:var(--wp--preset--spacing--10);flex-basis:60%\">\n<blockquote class=\"wp-block-quote has-text-align-left is-style-plain has-accent-5-color has-base-background-color has-text-color has-background has-link-color has-medium-font-size wp-elements-4f53853602f1380cfb92f7d7d2848bb7 is-layout-flow wp-block-quote-is-layout-flow is-style-plain--4\">\n<p style=\"margin-top:0;margin-right:0;margin-bottom:0;margin-left:0;padding-top:0;padding-right:0;padding-bottom:0;padding-left:0\"><em>W naszej firmie jeste\u015bmy nastawieni na ci\u0105g\u0142y rozw\u00f3j zar\u00f3wno firmy jak i naszych pracownik\u00f3w, potrafimy zadba\u0107 o ka\u017cdy nawet najmniejszy detal i odwa\u017cnie patrzymy w przysz\u0142o\u015b\u0107.<\/em><\/p>\n<\/blockquote>\n\n\n\n<div class=\"wp-block-group is-nowrap is-layout-flex wp-container-core-group-is-layout-6c531013 wp-block-group-is-layout-flex\">\n<figure class=\"wp-block-image size-full is-resized has-custom-border\"><img loading=\"lazy\" decoding=\"async\" width=\"800\" height=\"800\" src=\"https:\/\/axanthus.com\/wp-content\/uploads\/2025\/09\/1757660540412.jpg\" alt=\"\" class=\"wp-image-59\" style=\"border-radius:100%;object-fit:cover;width:80px;height:80px\" srcset=\"https:\/\/axanthus.com\/wp-content\/uploads\/2025\/09\/1757660540412.jpg 800w, https:\/\/axanthus.com\/wp-content\/uploads\/2025\/09\/1757660540412-300x300.jpg 300w, https:\/\/axanthus.com\/wp-content\/uploads\/2025\/09\/1757660540412-150x150.jpg 150w, https:\/\/axanthus.com\/wp-content\/uploads\/2025\/09\/1757660540412-768x768.jpg 768w\" sizes=\"auto, (max-width: 800px) 100vw, 800px\" \/><\/figure>\n\n\n\n<p class=\"has-medium-font-size\" style=\"font-style:normal;font-weight:300\"><strong>Pawe\u0142 Przyby\u0142<br><\/strong>IoT<strong><br><\/strong><\/p>\n<\/div>\n<\/div>\n\n\n\n<div class=\"wp-block-column is-layout-flow wp-block-column-is-layout-flow\"><\/div>\n<\/div>\n\n\n\n<p class=\"has-base-2-color has-text-color has-link-color wp-elements-60c217bfa4d6b5df2a897f561e815b06\" style=\"margin-top:var(--wp--preset--spacing--20);margin-bottom:0;font-size:clamp(14px, 0.875rem + ((1vw - 3.2px) * 0.488), 18px);font-style:normal;font-weight:600\"><\/p>\n\n\n\n<p><\/p>\n<\/div>\n","protected":false},"excerpt":{"rendered":"<p>Przemys\u0142aw Przyby\u0142 Architekt, specjalista ds. bezpiecze\u0144stwa IT w Axanthus Pawe\u0142 Przyby\u0142 Architekt, specjalista ds. Embedded &amp; IoT w Axanthus W naszej firmie stawiamy na jako\u015b\u0107 i bezpiecze\u0144stwo przede wszystkim. Nasze ambicje si\u0119gaj\u0105 gwiazd i b\u0119dziemy chcieli si\u0119 rozwija\u0107 w ka\u017cdym mo\u017cliwym aspekcie przez nast\u0119pne lata. Przemys\u0142aw Przyby\u0142CO W naszej firmie jeste\u015bmy nastawieni na ci\u0105g\u0142y rozw\u00f3j [&hellip;]<\/p>\n","protected":false},"author":1,"featured_media":0,"parent":0,"menu_order":0,"comment_status":"closed","ping_status":"closed","template":"","meta":{"footnotes":""},"class_list":["post-57","page","type-page","status-publish","hentry"],"_links":{"self":[{"href":"https:\/\/axanthus.com\/index.php\/wp-json\/wp\/v2\/pages\/57","targetHints":{"allow":["GET"]}}],"collection":[{"href":"https:\/\/axanthus.com\/index.php\/wp-json\/wp\/v2\/pages"}],"about":[{"href":"https:\/\/axanthus.com\/index.php\/wp-json\/wp\/v2\/types\/page"}],"author":[{"embeddable":true,"href":"https:\/\/axanthus.com\/index.php\/wp-json\/wp\/v2\/users\/1"}],"replies":[{"embeddable":true,"href":"https:\/\/axanthus.com\/index.php\/wp-json\/wp\/v2\/comments?post=57"}],"version-history":[{"count":20,"href":"https:\/\/axanthus.com\/index.php\/wp-json\/wp\/v2\/pages\/57\/revisions"}],"predecessor-version":[{"id":340,"href":"https:\/\/axanthus.com\/index.php\/wp-json\/wp\/v2\/pages\/57\/revisions\/340"}],"wp:attachment":[{"href":"https:\/\/axanthus.com\/index.php\/wp-json\/wp\/v2\/media?parent=57"}],"curies":[{"name":"wp","href":"https:\/\/api.w.org\/{rel}","templated":true}]}}