{"id":351,"date":"2025-10-31T11:24:45","date_gmt":"2025-10-31T10:24:45","guid":{"rendered":"https:\/\/axanthus.com\/?page_id=351"},"modified":"2025-10-31T12:18:44","modified_gmt":"2025-10-31T11:18:44","slug":"nasze-serwisy","status":"publish","type":"page","link":"https:\/\/axanthus.com\/index.php\/nasze-serwisy\/","title":{"rendered":"Nasze serwisy"},"content":{"rendered":"\n<p class=\"has-primary-color has-text-color has-link-color wp-elements-b6b7ae6cc22510b6443ad0e005f5a1ff\" style=\"font-size:clamp(18.959px, 1.185rem + ((1vw - 3.2px) * 1.346), 30px);font-style:normal;font-weight:600\">Witaj! <\/p>\n\n\n\n<p class=\"has-contrast-color has-text-color has-link-color wp-elements-c697f788a7bd66c7671d22050969f4ba\">Tworzymy nasze serwisy po to, \u017ceby u\u0142atwi\u0107 Ci codzienne zarz\u0105dzanie i administracj\u0119 systemami IT.<br>Mamy nadziej\u0119, \u017ce znajdziesz tu co\u015b r\u00f3wnie\u017c dla siebie! Wybierz, czego potrzebujesz, a my poprowadzimy Ci\u0119 dalej.<\/p>\n\n\n\n<p class=\"has-primary-color has-text-color has-link-color has-body-font-family wp-elements-46d1b29337215ddc8c4e25bceac21a32\" style=\"font-size:clamp(14px, 0.875rem + ((1vw - 3.2px) * 0.488), 18px);font-style:normal;font-weight:600\">Generator hase\u0142 online<\/p>\n\n\n\n<p>Potrzebujesz silnego has\u0142a? Wygeneruj je tutaj. Bez zapisywania i bez wysy\u0142ania na serwer, has\u0142o generowane jest w Twojej przegl\u0105darce. Pe\u0142na prywatno\u015b\u0107!<br>Stw\u00f3rz mocne has\u0142o w kilka sekund. Nasz generator losuje kombinacje liter, cyfr i znak\u00f3w specjalnych, aby zwi\u0119kszy\u0107 bezpiecze\u0144stwo Twoich danych.<\/p>\n\n\n\n<p>Nasz generator jest tu: <a href=\"http:\/\/pass.axanthus.com\" data-type=\"link\" data-id=\"pass.axanthus.com\">pass.axanthus.com<\/a><\/p>\n","protected":false},"excerpt":{"rendered":"<p>Witaj! Tworzymy nasze serwisy po to, \u017ceby u\u0142atwi\u0107 Ci codzienne zarz\u0105dzanie i administracj\u0119 systemami IT.Mamy nadziej\u0119, \u017ce znajdziesz tu co\u015b r\u00f3wnie\u017c dla siebie! Wybierz, czego potrzebujesz, a my poprowadzimy Ci\u0119 dalej. Generator hase\u0142 online Potrzebujesz silnego has\u0142a? Wygeneruj je tutaj. Bez zapisywania i bez wysy\u0142ania na serwer, has\u0142o generowane jest w Twojej przegl\u0105darce. Pe\u0142na prywatno\u015b\u0107!Stw\u00f3rz [&hellip;]<\/p>\n","protected":false},"author":1,"featured_media":0,"parent":0,"menu_order":0,"comment_status":"closed","ping_status":"closed","template":"","meta":{"footnotes":""},"class_list":["post-351","page","type-page","status-publish","hentry"],"_links":{"self":[{"href":"https:\/\/axanthus.com\/index.php\/wp-json\/wp\/v2\/pages\/351","targetHints":{"allow":["GET"]}}],"collection":[{"href":"https:\/\/axanthus.com\/index.php\/wp-json\/wp\/v2\/pages"}],"about":[{"href":"https:\/\/axanthus.com\/index.php\/wp-json\/wp\/v2\/types\/page"}],"author":[{"embeddable":true,"href":"https:\/\/axanthus.com\/index.php\/wp-json\/wp\/v2\/users\/1"}],"replies":[{"embeddable":true,"href":"https:\/\/axanthus.com\/index.php\/wp-json\/wp\/v2\/comments?post=351"}],"version-history":[{"count":10,"href":"https:\/\/axanthus.com\/index.php\/wp-json\/wp\/v2\/pages\/351\/revisions"}],"predecessor-version":[{"id":382,"href":"https:\/\/axanthus.com\/index.php\/wp-json\/wp\/v2\/pages\/351\/revisions\/382"}],"wp:attachment":[{"href":"https:\/\/axanthus.com\/index.php\/wp-json\/wp\/v2\/media?parent=351"}],"curies":[{"name":"wp","href":"https:\/\/api.w.org\/{rel}","templated":true}]}}