{"id":279,"date":"2025-10-19T11:01:37","date_gmt":"2025-10-19T09:01:37","guid":{"rendered":"https:\/\/axanthus.com\/?page_id=279"},"modified":"2025-10-19T14:41:28","modified_gmt":"2025-10-19T12:41:28","slug":"o-nas","status":"publish","type":"page","link":"https:\/\/axanthus.com\/index.php\/o-nas\/","title":{"rendered":"O nas"},"content":{"rendered":"\n<main class=\"wp-block-group has-base-2-background-color has-background has-global-padding is-layout-constrained wp-container-core-group-is-layout-c69e12fa wp-block-group-is-layout-constrained\" style=\"margin-top:0;margin-bottom:0;padding-top:0;padding-right:var(--wp--preset--spacing--10);padding-bottom:0;padding-left:var(--wp--preset--spacing--10)\">\n<div class=\"wp-block-columns is-layout-flex wp-container-core-columns-is-layout-28f84493 wp-block-columns-is-layout-flex\">\n<div class=\"wp-block-column is-vertically-aligned-center is-layout-flow wp-block-column-is-layout-flow\">\n<p class=\"has-primary-color has-text-color has-link-color wp-elements-169972d55a05fa08ec4ac7f35caf3e71\" style=\"font-size:clamp(18.959px, 1.185rem + ((1vw - 3.2px) * 1.346), 30px);font-style:normal;font-weight:600\">Dlaczego my?<\/p>\n\n\n\n<h2 class=\"wp-block-heading\" style=\"font-size:clamp(14px, 0.875rem + ((1vw - 3.2px) * 0.244), 16px);font-style:normal;font-weight:400\">Od 2009 r.: stabilny partner z do\u015bwiadczeniem w projektach o r\u00f3\u017cnej skali<\/h2>\n\n\n\n<p style=\"font-size:clamp(14px, 0.875rem + ((1vw - 3.2px) * 0.244), 16px);font-style:normal;font-weight:400\">Zesp\u00f3\u0142 senior\u00f3w: decyzje technologiczne poparte praktyk\u0105<\/p>\n\n\n\n<p style=\"font-size:clamp(14px, 0.875rem + ((1vw - 3.2px) * 0.244), 16px);font-style:normal;font-weight:400\">Elastyczno\u015b\u0107 dzia\u0142ania: szybkie reakcje, minimum formalno\u015bci<\/p>\n\n\n\n<div class=\"wp-block-columns is-layout-flex wp-container-core-columns-is-layout-e27c1ab9 wp-block-columns-is-layout-flex\" style=\"margin-top:var(--wp--preset--spacing--10)\">\n<div class=\"wp-block-column is-layout-flow wp-block-column-is-layout-flow\">\n<h2 class=\"wp-block-heading has-primary-color has-text-color has-link-color has-body-font-family wp-elements-961ea3c8ffa9a4f3d7974a0d1ce22be0\" style=\"margin-top:var(--wp--preset--spacing--20);font-size:clamp(14px, 0.875rem + ((1vw - 3.2px) * 0.488), 18px);font-style:normal;font-weight:600\">Kim jeste\u015bmy<\/h2>\n\n\n\n<p style=\"font-size:clamp(14px, 0.875rem + ((1vw - 3.2px) * 0.244), 16px);font-style:normal;font-weight:400\">Jeste\u015bmy zespo\u0142em in\u017cynier\u00f3w i konsultant\u00f3w IT dzia\u0142aj\u0105cym od 2009 roku. \u0141\u0105czymy zwinno\u015b\u0107 dzia\u0142ania z jako\u015bci\u0105 i odpowiedzialno\u015bci\u0105 oczekiwan\u0105 przez wymagaj\u0105ce organizacje. Specjalizujemy si\u0119 w realizacji projekt\u00f3w informatycznych: projektujemy architektur\u0119, tworzymy oprogramowanie, integrujemy systemy i zapewniamy d\u0142ugofalowe wsparcie.<\/p>\n<\/div>\n\n\n\n<div class=\"wp-block-column is-layout-flow wp-block-column-is-layout-flow\">\n<h2 class=\"wp-block-heading has-primary-color has-text-color has-link-color has-body-font-family wp-elements-26b0cf5279a77c5605c5a7b064b35183\" style=\"margin-top:var(--wp--preset--spacing--20);font-size:clamp(14px, 0.875rem + ((1vw - 3.2px) * 0.488), 18px);font-style:normal;font-weight:600\">Nasza misja<\/h2>\n\n\n\n<p style=\"font-size:clamp(14px, 0.875rem + ((1vw - 3.2px) * 0.244), 16px);font-style:normal;font-weight:400\">Dostarcza\u0107 proste w obs\u0142udze, solidne technologicznie rozwi\u0105zania, kt\u00f3re szybko przek\u0142adaj\u0105 si\u0119 na warto\u015b\u0107 biznesow\u0105.<\/p>\n<\/div>\n<\/div>\n\n\n\n<div class=\"wp-block-columns is-layout-flex wp-container-core-columns-is-layout-416bbe66 wp-block-columns-is-layout-flex\" style=\"margin-top:var(--wp--preset--spacing--30)\">\n<div class=\"wp-block-column is-layout-flow wp-block-column-is-layout-flow\">\n<h2 class=\"wp-block-heading has-primary-color has-text-color has-link-color has-body-font-family wp-elements-aeb0d7df5778345c8eaa82c25bfc85fa\" style=\"font-size:clamp(14px, 0.875rem + ((1vw - 3.2px) * 0.488), 18px);font-style:normal;font-weight:600\">Co robimy<\/h2>\n\n\n\n<ul style=\"font-size:clamp(14px, 0.875rem + ((1vw - 3.2px) * 0.244), 16px);font-style:normal;font-weight:400\" class=\"wp-block-list\">\n<li>Aplikacje webowe i mobilne<\/li>\n\n\n\n<li>Integracje i automatyzacje proces\u00f3w<\/li>\n\n\n\n<li>Modernizacja i utrzymanie istniej\u0105cych system\u00f3w<\/li>\n\n\n\n<li>Konsulting technologiczny i audyty<\/li>\n<\/ul>\n<\/div>\n\n\n\n<div class=\"wp-block-column is-layout-flow wp-block-column-is-layout-flow\">\n<h2 class=\"wp-block-heading has-primary-color has-text-color has-link-color has-body-font-family wp-elements-c1d9b79394b06300f9f91a993e339853\" style=\"font-size:clamp(14px, 0.875rem + ((1vw - 3.2px) * 0.488), 18px);font-style:normal;font-weight:600\">Jak pracujemy<\/h2>\n\n\n\n<ul style=\"font-size:clamp(14px, 0.875rem + ((1vw - 3.2px) * 0.244), 16px);font-style:normal;font-weight:400\" class=\"wp-block-list\">\n<li>Rozumiemy kontekst \u2013 zaczynamy od cel\u00f3w i ryzyk<\/li>\n\n\n\n<li>Dostarczamy iteracyjnie \u2013 kr\u00f3tkie sprinty, cz\u0119ste wersje, szybkie feedbacki<\/li>\n\n\n\n<li>Komunikujemy si\u0119 jasno \u2013 jedna tablica zada\u0144, pe\u0142na przejrzysto\u015b\u0107 statusu i koszt\u00f3w<\/li>\n\n\n\n<li>Bierzemy odpowiedzialno\u015b\u0107 \u2013 dowozimy, utrzymujemy, rozwijamy<\/li>\n<\/ul>\n<\/div>\n<\/div>\n<\/div>\n<\/div>\n<\/main>\n","protected":false},"excerpt":{"rendered":"<p>Dlaczego my? Od 2009 r.: stabilny partner z do\u015bwiadczeniem w projektach o r\u00f3\u017cnej skali Zesp\u00f3\u0142 senior\u00f3w: decyzje technologiczne poparte praktyk\u0105 Elastyczno\u015b\u0107 dzia\u0142ania: szybkie reakcje, minimum formalno\u015bci Kim jeste\u015bmy Jeste\u015bmy zespo\u0142em in\u017cynier\u00f3w i konsultant\u00f3w IT dzia\u0142aj\u0105cym od 2009 roku. \u0141\u0105czymy zwinno\u015b\u0107 dzia\u0142ania z jako\u015bci\u0105 i odpowiedzialno\u015bci\u0105 oczekiwan\u0105 przez wymagaj\u0105ce organizacje. Specjalizujemy si\u0119 w realizacji projekt\u00f3w informatycznych: [&hellip;]<\/p>\n","protected":false},"author":1,"featured_media":0,"parent":0,"menu_order":0,"comment_status":"closed","ping_status":"closed","template":"","meta":{"footnotes":""},"class_list":["post-279","page","type-page","status-publish","hentry"],"_links":{"self":[{"href":"https:\/\/axanthus.com\/index.php\/wp-json\/wp\/v2\/pages\/279","targetHints":{"allow":["GET"]}}],"collection":[{"href":"https:\/\/axanthus.com\/index.php\/wp-json\/wp\/v2\/pages"}],"about":[{"href":"https:\/\/axanthus.com\/index.php\/wp-json\/wp\/v2\/types\/page"}],"author":[{"embeddable":true,"href":"https:\/\/axanthus.com\/index.php\/wp-json\/wp\/v2\/users\/1"}],"replies":[{"embeddable":true,"href":"https:\/\/axanthus.com\/index.php\/wp-json\/wp\/v2\/comments?post=279"}],"version-history":[{"count":10,"href":"https:\/\/axanthus.com\/index.php\/wp-json\/wp\/v2\/pages\/279\/revisions"}],"predecessor-version":[{"id":333,"href":"https:\/\/axanthus.com\/index.php\/wp-json\/wp\/v2\/pages\/279\/revisions\/333"}],"wp:attachment":[{"href":"https:\/\/axanthus.com\/index.php\/wp-json\/wp\/v2\/media?parent=279"}],"curies":[{"name":"wp","href":"https:\/\/api.w.org\/{rel}","templated":true}]}}